{"id":7829,"date":"2017-12-19T22:56:20","date_gmt":"2017-12-19T21:56:20","guid":{"rendered":"https:\/\/andreaschroeder.com\/concerts"},"modified":"2024-04-25T12:37:23","modified_gmt":"2024-04-25T10:37:23","slug":"concerts","status":"publish","type":"page","link":"https:\/\/andreaschroeder.com\/de\/concerts\/","title":{"rendered":"Konzerte"},"content":{"rendered":"\n<h2 class=\"wp-block-heading\" id=\"u8144-8\">Museum der Kunst und Geschichte<\/h2>\n\n\n\n<p id=\"u8144-8\">13.04.2018 Neuch\u00e2tel (CH) Case \u00e0 Chocs \/ Queen Kong Club \u2013 als Teil der Ausstellung von<span><a rel=\"noopener\" href=\"https:\/\/www.valeriefavre.net\" target=\"_blank\">Val\u00e9rie Favre<\/a> im <a rel=\"noopener\" href=\"https:\/\/www.mahn.ch\/en\/\" target=\"_blank\">Museum der Kunst und Geschichte von Neuch\u00e2tel<\/a> (MAHN)<\/span><\/p>\n\n\n\n<h2 class=\"wp-block-heading\">&#8218;Intoxicated Women&#8216; Tour \u2013 Mick Harvey mit Andrea Schroeder<\/h2>\n\n\n\n<p>13.05.2018 Berlin (DE) <a rel=\"noopener\" href=\"https:\/\/www.volksbuehne.berlin\/\" target=\"_blank\">Volksb\u00fchne<\/a><br>25.03.2017 London (UK) Under The Bridge<\/p>\n\n\n\n<h2 class=\"wp-block-heading\">Andrea Schroeder &#8218;Void&#8216; Tour<\/h2>\n\n\n\n<p>14.04.2018 Bad Homburg (DE) Kulturbahnhof<br>17.11.2017 Hannover (DE) <a rel=\"noopener\" href=\"https:\/\/pavillon-hannover.de\" target=\"_blank\">Pavillon<\/a><br>18.11.2017 Dresden (DE) <a rel=\"noopener\" href=\"https:\/\/beatpol.de\" target=\"_blank\">Beatpol<\/a><br>19.11.2017 Berlin (DE) Frannz Club<br>22.11.2017 Zwickau (DE) St. Barbara Kirche<br>23.11.2017 Bielefeld (DE) Nicolaikirche<br>24.11.2017 Leipzig (DE) UT Connewitz<br>25.11.2017 Offenbach am Main (DE) Hafen 2<br>25.11.2016 Thun (CH) \u2013 Cafe Mokka<br>27.11.2016 Karlsruhe (DE) Schalander<br>29.11.2016 Dresden (DE) Schauburg<br>30.11.2016 Vienna (AT) Akzent Theater<br>06.12.2016 Bonn (DE) Harmonie<br>07.12.2016 Frankfurt (DE) Das Bett<br>08.12.2016 Cottbus (DE) Bebel<br>10.12.2016 Hannover (DE) Cafe Glocksee<br>11.12.2016 Berlin (DE) Frannz Club<\/p>\n\n\n\n<h2 class=\"wp-block-heading\">Andrea Schroeder mit Orchester\u200b<\/h2>\n\n\n\n<figure class=\"wp-block-gallery has-nested-images columns-1 is-cropped wp-block-gallery-2 is-layout-flex wp-block-gallery-is-layout-flex\">\n<figure class=\"wp-block-image size-large\"><img decoding=\"async\" width=\"1024\" height=\"572\" data-id=\"3179\" src=\"https:\/\/andreaschroeder.com\/wp-content\/uploads\/2018\/01\/IMG_1617160706-AndreaSchroederPhilharmonieLuxembourg_DanielaJoos-1024x572.jpg\" alt=\"\" class=\"wp-image-3179\" srcset=\"https:\/\/andreaschroeder.com\/wp-content\/uploads\/2018\/01\/IMG_1617160706-AndreaSchroederPhilharmonieLuxembourg_DanielaJoos-1024x572.jpg 1024w, https:\/\/andreaschroeder.com\/wp-content\/uploads\/2018\/01\/IMG_1617160706-AndreaSchroederPhilharmonieLuxembourg_DanielaJoos-300x168.jpg 300w, https:\/\/andreaschroeder.com\/wp-content\/uploads\/2018\/01\/IMG_1617160706-AndreaSchroederPhilharmonieLuxembourg_DanielaJoos-768x429.jpg 768w, https:\/\/andreaschroeder.com\/wp-content\/uploads\/2018\/01\/IMG_1617160706-AndreaSchroederPhilharmonieLuxembourg_DanielaJoos-520x290.jpg 520w, https:\/\/andreaschroeder.com\/wp-content\/uploads\/2018\/01\/IMG_1617160706-AndreaSchroederPhilharmonieLuxembourg_DanielaJoos.jpg 2000w\" sizes=\"(max-width: 1024px) 100vw, 1024px\" \/><figcaption class=\"wp-element-caption\">\u00a92016 Foto: Daniela Joos. Alle Rechte vorbehalten.<\/figcaption><\/figure>\n<\/figure>\n\n\n\n<p>06.07.2016 Luxemburg (LU) <a rel=\"noreferrer noopener\" href=\"https:\/\/www.philharmonie.lu\" target=\"_blank\">Philharmonie Luxembourg<\/a>, Kammermusiksaal \u2013 50 Jahre Soci\u00e9t\u00e9 du Port de Mertert, Andrea Schroeder und Estro Harmonico, dirigiert von Gast Waltzing.<\/p>\n\n\n\n<p>06.03.2014 Potsdam (DE) Filmpark Babelsberg \u2013 <a rel=\"noreferrer noopener\" href=\"https:\/\/www.radioeins.de\" target=\"_blank\">Radioeins<\/a> live Konzert, Andrea Schroeder und <a rel=\"noreferrer noopener\" href=\"https:\/\/filmorchester.de\/\" target=\"_blank\">Das Deutsche Filmorchester Babelsberg<\/a>, dirigiert von J\u00f6rg Iver<\/p>\n\n\n\n<h2 class=\"wp-block-heading\">Andrea Schroeder &#8218;Where The Wild Oceans End&#8216; Tour<\/h2>\n\n\n\n<p>04.06.2015 Potsdam (DE) Klimapreis 2015 der Landeshauptstadt Potsdam<br>24.01.2014 Berlin (DE) Maschinenhaus \u2013 Album Release Konzert<br>12.03.2014 Chemnitz (DE) Weltecho<br>14.03.2014 Bad Homburg (DE) Kulturbahnhof<br>15.03.2014 Salzwedel (DE) Hanseat<br>18.03.2014 Hamburg (DE) KNUST<br>02.04.2014 M\u00fcnchen (DE) Milla<br>03.04.2014 Cottbus (DE) Bebel<br>04.04.2014 Kiel (DE) Die Pumpe<br>09.04.2014 M\u00fcnster (DE) Gleis 22<br>10.04.2014 Wuppertal (DE) Live Club Barmen<br>11.04.2014 Bielefeld (DE) Forum<br>12.04.2014 Magdeburg (DE) Kulturzentrum Moritzhof<br>13.04.2014 K\u00f6ln (DE) Studio 672<br>15.04.2014 Reutlingen (DE) Franz.K<br>20.04.2014 Leipzig (DE) Moritzbastei<br>23.04.2014 Offenbach\/Main (DE) Hafen 2<br>25.04.2014 Berlin (DE) LIDO<br>10.11.2014 Koblenz (DE) Cafe Hahn<br>11.11.2014 Mannheim (DE) Alte Feuerwache<br>19.11.2014 Hannover (DE) Faust<br>20.11.2014 Potsdam (DE) Waschhaus<br>21.11.2014 Dresden (DE) Beatpol<br>26.11.2014 Essen (DE) Zeche Carl<br>30.11.2014 Berlin (DE) Roter Salon \u2013 Special Guest von Hugo Race<br>09.12.2014 Ljubljana (Sl) Cankarjev Dom<br>10.12.2014 Wien (AT) Akzent Theater<br>13.12.2014 Berlin (DE) Frannz Club<br>17.12.2014 Z\u00fcrich (CH) Exil<br>18.12.2014 Stuttgart (DE) Theaterhaus \/ T2<\/p>\n\n\n\n<h2 class=\"wp-block-heading\">Andrea Schroeder &#8218;Blackbird&#8216; Tour<\/h2>\n\n\n\n<p>29.09.2012 Berlin (DE) Roter Salon (Volksb\u00fchne) \u2013 Blackbird Release Koncert<br>27.03.2013 Hamburg (DE) KNUST<br>30.03.2013 Meidelstetten (DE) Adler<br>02.04.2013 K\u00f6ln (DE) Studio 672<br>03.04.2013 Frankfurt (DE) Das Bett<br>04.04.2013 M\u00fcnchen (DE) Milla Club<br>05.04.2013 Berlin (DE) Frannz<br>10.04.2013 N\u00fcrnberg (DE) K\u00fcnstlerhaus<br>12.04.2013 Stuttgart (DE) Laboratorium<br>18.04.2013 Hannover (DE) Lux<br>21.06.2013 Berlin (DE) Fete de la Musique, Dussmann<br>06.07. 2013 Elsloo (NL) <a rel=\"noreferrer noopener\" href=\"https:\/\/conincxpop.nl\" target=\"_blank\">Conincx Pop Festival<\/a><br>13.09.2013 Potsdam (DE) Nikolaisaal &#8222;The Voice in Concert&#8220;<br>14.09.2013 Hamburg (DE) Nacht der Kirchen<br>12.11.2013 Kattowice (PL) Ars Cameralis Festival<br>07.12.2013 Wredenhagen (DE) Caf\u00e9 Scheune<\/p>\n\n\n\n<h2 class=\"wp-block-heading\">Andrea Schroeder \u2013 Konzerte vor Album Ver\u00f6ffentlichungen<\/h2>\n\n\n\n<p>14.05.2012 Berlin (DE) Schokoladen<br>15.07.2012 Frankfurt (DE) Das Bett \u2013 Support f\u00fcr die <a rel=\"noreferrer noopener\" href=\"https:\/\/www.thewalkabouts.com\" target=\"_blank\">The Walkabouts<\/a> <br>13.07.2012 Moritzhof (DE) Magdeburg \u2013 Support f\u00fcr die <a rel=\"noreferrer noopener\" href=\"https:\/\/www.thewalkabouts.com\" target=\"_blank\">The Walkabouts<\/a><br>12.07.2012 Dresden (DE) Beatpol \u2013 Support f\u00fcr die <a rel=\"noreferrer noopener\" href=\"https:\/\/www.thewalkabouts.com\" target=\"_blank\">The Walkabouts<\/a><br>10.07.2012 N\u00fcrnberg (DE) Hirsch \u2013 Support f\u00fcr die <a rel=\"noreferrer noopener\" href=\"https:\/\/www.thewalkabouts.com\" target=\"_blank\">The Walkabouts<\/a><br>25.05.2012 Beverungen (DE) Orange Blossom Special Festival<br>25.01.2012 Copenhagen (DK) <a rel=\"noreferrer noopener\" href=\"https:\/\/www.vega.dk\" target=\"_blank\">Vega<\/a> \u2013 Support f\u00fcr die <a rel=\"noreferrer noopener\" href=\"https:\/\/www.thewalkabouts.com\" target=\"_blank\">The Walkabouts<\/a><br>10.09.2011 Hamburg (DE) Soul Kitchen &#8211; NEWUSB Radio Festival<br>21.05.2011 Ljubljana, Slovenia<br>20.02.2011 Copenhagen (DK) Bolsjefabrikken \u2013 Benefiz Konzert f\u00fcr Obdachlose<br>25.10.2010 Copenhagen (DK) KulturSalonen in Chr Beboerhus<br>29.10.2010 Copenhagen (DK) No Bull Music Festival <br>29.08.2010 Copenhagen (DK) Sj\u00e6llandsgade Bad<br>06.06.2010 Copenhagen (DK) Hangover Sunday<br>04.12.2009 Seefeld-Hechendorf (DE) Schloss Seefeld<br>20.11.2009 Berlin (DE) Zimmer 16<br>21.11.2009 N\u00fcrnberg (DE) Pegnitzb\u00fchne<br>04.11.2009 Wien (AT) Vienna unplugged<br>24.10.2009 M\u00fcnchen (DE) Forum 2<br>05.10.2009 M\u00fcnchen (DE) Feinspeiserei<br>19.04 2009 M\u00fcnchen (DE) Substanz<br>20.03.2009 Freising (DE) Lindenkeller<br>06.03.2009 M\u00fcnchen (DE) Spectaculum Mundi<br>28.10.2008 Augsburg (DE) Kantine &#8211; Support f\u00fcr Poems for Laila<br>24.10.2008 M\u00fcnchen (DE) artLounge<br>07.09.2008 M\u00fcnchen (DE) Rudi Sedlmayer Halle \u2013 Singer\/Songwriter Evening<br>28.06.2008 Fossombrone, Pesaro (IT) Concerto In Viaggio<br>08.04.2008 M\u00fcnchen (DE) Litera-Tour &amp; Bl\u00fctenlust \u2013 M\u00fcnchen liebt<\/p>\n\n\n\n<p><span id=\"u8144-15\">\u200b<\/span><\/p>\n\n\n\n<p>&nbsp;<\/p>\n","protected":false},"excerpt":{"rendered":"<p>Museum der Kunst und Geschichte 13.04.2018 Neuch\u00e2tel (CH) Case \u00e0 Chocs \/ Queen Kong Club \u2013 als Teil der Ausstellung vonVal\u00e9rie Favre im Museum der Kunst und Geschichte von Neuch\u00e2tel (MAHN) &#8218;Intoxicated Women&#8216; Tour \u2013 Mick Harvey mit Andrea Schroeder 13.05.2018 Berlin (DE) Volksb\u00fchne25.03.2017 London (UK) Under The Bridge Andrea Schroeder &#8218;Void&#8216; Tour 14.04.2018 Bad [&hellip;]<\/p>\n","protected":false},"author":2,"featured_media":7461,"parent":0,"menu_order":0,"comment_status":"closed","ping_status":"closed","template":"","meta":{"_monsterinsights_skip_tracking":false,"_monsterinsights_sitenote_active":false,"_monsterinsights_sitenote_note":"","_monsterinsights_sitenote_category":0,"footnotes":""},"class_list":["post-7829","page","type-page","status-publish","has-post-thumbnail","hentry"],"_links":{"self":[{"href":"https:\/\/andreaschroeder.com\/de\/wp-json\/wp\/v2\/pages\/7829","targetHints":{"allow":["GET"]}}],"collection":[{"href":"https:\/\/andreaschroeder.com\/de\/wp-json\/wp\/v2\/pages"}],"about":[{"href":"https:\/\/andreaschroeder.com\/de\/wp-json\/wp\/v2\/types\/page"}],"author":[{"embeddable":true,"href":"https:\/\/andreaschroeder.com\/de\/wp-json\/wp\/v2\/users\/2"}],"replies":[{"embeddable":true,"href":"https:\/\/andreaschroeder.com\/de\/wp-json\/wp\/v2\/comments?post=7829"}],"version-history":[{"count":0,"href":"https:\/\/andreaschroeder.com\/de\/wp-json\/wp\/v2\/pages\/7829\/revisions"}],"wp:featuredmedia":[{"embeddable":true,"href":"https:\/\/andreaschroeder.com\/de\/wp-json\/wp\/v2\/media\/7461"}],"wp:attachment":[{"href":"https:\/\/andreaschroeder.com\/de\/wp-json\/wp\/v2\/media?parent=7829"}],"curies":[{"name":"wp","href":"https:\/\/api.w.org\/{rel}","templated":true}]}}