{"id":7864,"date":"2023-07-26T01:19:40","date_gmt":"2023-07-25T23:19:40","guid":{"rendered":"https:\/\/andreaschroeder.com\/diskographie"},"modified":"2023-08-25T13:31:11","modified_gmt":"2023-08-25T11:31:11","slug":"diskographie","status":"publish","type":"page","link":"https:\/\/andreaschroeder.com\/de\/diskographie\/","title":{"rendered":"Diskographie"},"content":{"rendered":"\n<h2 class=\"wp-block-heading\">Alben:<\/h2>\n\n<p><strong>&#8222;Void<\/strong>&#8220; (2016) &#8211; Ver\u00f6ffentlicht von Glitterhouse Records. Das Album enth\u00e4lt Titel wie Void, Black Sky, Burden, My Skin Is Like Fire, Kingdom, Little Girl, Creatures, Was Poe Afraid, Drive Me Home, Don&#8217;t Wake Me, und Endless Sea.<\/p>\n\n<iframe style=\"border-radius:12px\" src=\"https:\/\/open.spotify.com\/embed\/album\/0SpHk1sNMxbODCkmIAAeMp?utm_source=generator\" width=\"100%\" height=\"152\" frameborder=\"0\" allowfullscreen=\"\" allow=\"autoplay; clipboard-write; encrypted-media; fullscreen; picture-in-picture\" loading=\"lazy\"><\/iframe>\n\n<div style=\"height:30px\" aria-hidden=\"true\" class=\"wp-block-spacer\"><\/div>\n\n<p><strong>&#8222;Where The Wild Oceans End<\/strong>&#8220; (2014) &#8211; Ver\u00f6ffentlicht von Glitterhouse Records. Das Album enth\u00e4lt Titel wie Dead Man&#8217;s Eyes, Ghosts Of Berlin, Until The End, Helden, Fireland, The Spider, Where The Wild Oceans End, The Rattlesnake, Summer Came To Say Goodbye, und Walk Into The Silence.<\/p>\n\n<iframe style=\"border-radius:12px\" src=\"https:\/\/open.spotify.com\/embed\/album\/57Ai87aTKNqFounEtSIdk2?utm_source=generator\" width=\"100%\" height=\"152\" frameborder=\"0\" allowfullscreen=\"\" allow=\"autoplay; clipboard-write; encrypted-media; fullscreen; picture-in-picture\" loading=\"lazy\"><\/iframe>\n\n<div style=\"height:30px\" aria-hidden=\"true\" class=\"wp-block-spacer\"><\/div>\n\n<p><strong>&#8222;Blackbird<\/strong>&#8220; (2012) &#8211; Ver\u00f6ffentlicht von Glitterhouse Records. Das Album enth\u00e4lt Titel wie Paint It Blue, Bebop Blues, Wrap Me in Your Arms, Ghost Ship, Death Is Waiting, Blackbird, Blackberry Wine, Winter Days, Dark Nightingales und K\u00e4lte.<\/p>\n\n<iframe style=\"border-radius:12px\" src=\"https:\/\/open.spotify.com\/embed\/album\/5yCsq806wx7qKKC68YoNFG?utm_source=generator\" width=\"100%\" height=\"152\" frameborder=\"0\" allowfullscreen=\"\" allow=\"autoplay; clipboard-write; encrypted-media; fullscreen; picture-in-picture\" loading=\"lazy\"><\/iframe>\n\n<div style=\"height:30px\" aria-hidden=\"true\" class=\"wp-block-spacer\"><\/div>\n\n<h2 class=\"wp-block-heading\">Einzelne:<\/h2>\n\n<p><strong>&#8222;Until The End<\/strong>&#8220; (2014) &#8211; Limitierte Vinyl-Ausgabe, ver\u00f6ffentlicht von Glitterhouse Records. Die Single ist ein Liebeslied aus ihrem von der Kritik hochgelobten Album &#8222;Where The Wild Oceans End&#8220;. Die Kehrseite ist ein Mitschnitt des Live-Radiokonzerts mit dem Deutschen Filmorchester Babelsberg auf Radioeins rbb.<\/p>\n\n<p><strong>&#8222;Helden<\/strong>&#8220; (2013) &#8211; Eine Coverversion von &#8218;Helden&#8217;\/&#8217;Heroes&#8216; von David Bowie\/Brian Eno. Diese limitierte Auflage wurde von Glitterhouse Records ver\u00f6ffentlicht.<\/p>\n\n<div style=\"height:30px\" aria-hidden=\"true\" class=\"wp-block-spacer\"><\/div>\n\n<h2 class=\"wp-block-heading\">Kollaborationen:<\/h2>\n\n<p><strong>S\u00e4llskapet<\/strong>: Andrea Schroeder arbeitete mit der schwedischen Post-Industrial-Band S\u00e4llskapet an ihrem dritten Album &#8222;Disparition&#8220;, das 2018 bei BMG Scandinavia | BMG Warner erschien. Sie hat als S\u00e4ngerin und Autorin zu diesem Album beigetragen.<\/p>\n\n<iframe style=\"border-radius:12px\" src=\"https:\/\/open.spotify.com\/embed\/album\/4AYxeSG50fsqYgSRntKHvn?utm_source=generator\" width=\"100%\" height=\"152\" frameborder=\"0\" allowfullscreen=\"\" allow=\"autoplay; clipboard-write; encrypted-media; fullscreen; picture-in-picture\" loading=\"lazy\"><\/iframe>\n\n<div style=\"height:30px\" aria-hidden=\"true\" class=\"wp-block-spacer\"><\/div>\n\n<p><strong>Th\u00e5str\u00f6m<\/strong>: Sie trat als Gasts\u00e4ngerin auf Joakim Th\u00e5str\u00f6ms preisgekr\u00f6ntem Goldalbum &#8222;Centralmassivet&#8220; auf, das 2017 bei Razzia | Sony Music erschien.<\/p>\n\n<iframe style=\"border-radius:12px\" src=\"https:\/\/open.spotify.com\/embed\/track\/7aDbQecyhZyz7ja3ms2DFC?utm_source=generator\" width=\"100%\" height=\"152\" frameborder=\"0\" allowfullscreen=\"\" allow=\"autoplay; clipboard-write; encrypted-media; fullscreen; picture-in-picture\" loading=\"lazy\"><\/iframe>\n\n<div style=\"height:30px\" aria-hidden=\"true\" class=\"wp-block-spacer\"><\/div>\n\n<p><strong>Mick Harvey<\/strong>: Andrea Schroeder steuerte Gesang f\u00fcr drei Songs auf dem Serge-Gainsbourg-Coveralbum &#8222;Intoxicated Women&#8220; von Mick Harvey (The Birthday Party, Nick Cave and the Bad Seeds, PJ Harvey) bei, das 2017 bei Mute Records erschien.<\/p>\n\n<iframe style=\"border-radius:12px\" src=\"https:\/\/open.spotify.com\/embed\/playlist\/3AowhGTwKQWGiE82SiycBx?utm_source=generator\" width=\"100%\" height=\"152\" frameborder=\"0\" allowfullscreen=\"\" allow=\"autoplay; clipboard-write; encrypted-media; fullscreen; picture-in-picture\" loading=\"lazy\"><\/iframe>\n\n<div style=\"height:30px\" aria-hidden=\"true\" class=\"wp-block-spacer\"><\/div>\n\n<p><strong>Das Jeffrey Lee Pierce Sessions Projekt<\/strong>: &#8222;Axels and Sockets&#8220; (2014), eine Initiative zu Ehren des Werks von Jeffrey Lee Pierce (The Gun Club). Das Album wurde von Glitterhouse Records ver\u00f6ffentlicht und enth\u00e4lt Beitr\u00e4ge von K\u00fcnstlern wie Iggy Pop, Nick Cave, Debbie Harry (Blondie), Mark Lanegan, Hugo Race, Thurston Moore und Primal Scream. Andrea Schroeder steuerte den Titel &#8222;Kisses For My President&#8220; bei.<\/p>\n\n<iframe style=\"border-radius:12px\" src=\"https:\/\/open.spotify.com\/embed\/album\/2gLXDy1rkk43hQHbOufECh?utm_source=generator\" width=\"100%\" height=\"152\" frameborder=\"0\" allowfullscreen=\"\" allow=\"autoplay; clipboard-write; encrypted-media; fullscreen; picture-in-picture\" loading=\"lazy\"><\/iframe>\n","protected":false},"excerpt":{"rendered":"<p>Alben: &#8222;Void&#8220; (2016) &#8211; Ver\u00f6ffentlicht von Glitterhouse Records. Das Album enth\u00e4lt Titel wie Void, Black Sky, Burden, My Skin Is Like Fire, Kingdom, Little Girl, Creatures, Was Poe Afraid, Drive Me Home, Don&#8217;t Wake Me, und Endless Sea. &#8222;Where The Wild Oceans End&#8220; (2014) &#8211; Ver\u00f6ffentlicht von Glitterhouse Records. Das Album enth\u00e4lt Titel wie Dead [&hellip;]<\/p>\n","protected":false},"author":2,"featured_media":7411,"parent":0,"menu_order":0,"comment_status":"closed","ping_status":"closed","template":"","meta":{"_monsterinsights_skip_tracking":false,"_monsterinsights_sitenote_active":false,"_monsterinsights_sitenote_note":"","_monsterinsights_sitenote_category":0,"footnotes":""},"class_list":["post-7864","page","type-page","status-publish","has-post-thumbnail","hentry"],"_links":{"self":[{"href":"https:\/\/andreaschroeder.com\/de\/wp-json\/wp\/v2\/pages\/7864","targetHints":{"allow":["GET"]}}],"collection":[{"href":"https:\/\/andreaschroeder.com\/de\/wp-json\/wp\/v2\/pages"}],"about":[{"href":"https:\/\/andreaschroeder.com\/de\/wp-json\/wp\/v2\/types\/page"}],"author":[{"embeddable":true,"href":"https:\/\/andreaschroeder.com\/de\/wp-json\/wp\/v2\/users\/2"}],"replies":[{"embeddable":true,"href":"https:\/\/andreaschroeder.com\/de\/wp-json\/wp\/v2\/comments?post=7864"}],"version-history":[{"count":0,"href":"https:\/\/andreaschroeder.com\/de\/wp-json\/wp\/v2\/pages\/7864\/revisions"}],"wp:featuredmedia":[{"embeddable":true,"href":"https:\/\/andreaschroeder.com\/de\/wp-json\/wp\/v2\/media\/7411"}],"wp:attachment":[{"href":"https:\/\/andreaschroeder.com\/de\/wp-json\/wp\/v2\/media?parent=7864"}],"curies":[{"name":"wp","href":"https:\/\/api.w.org\/{rel}","templated":true}]}}