{"id":7868,"date":"2017-12-20T11:45:25","date_gmt":"2017-12-20T10:45:25","guid":{"rendered":"https:\/\/andreaschroeder.com\/pressquotes"},"modified":"2023-08-25T13:34:36","modified_gmt":"2023-08-25T11:34:36","slug":"pressquotes","status":"publish","type":"page","link":"https:\/\/andreaschroeder.com\/de\/pressquotes\/","title":{"rendered":"Pressestimmen"},"content":{"rendered":"<blockquote>&#8222;Die Hohepriesterin des Unheils wird zur Gothic-Knef &#8230;. Unbedingte Kaufempfehlung f\u00fcr dieses Songwriterinnen-Juwel.\u201c <em>laut.de\u00a0(5\/5)\u00a0<\/em>\n<p class=\"Zitate-klein\"><!-- \/wp:post-content --> <!-- wp:paragraph --><\/p>\n\u201eAndrea Schroeder klingt wie ein Nachtgebet, und es gibt in Deutschland niemand anderen, der so klingt \u2013 eine Hildegard Knef der Schwermut, Federboa um die Schulter, unterst\u00fctzt von einer Band, die gleich im Titelst\u00fcck dunkel und schwer, bassig und breitbeinig einen Boden bereitet, auf dem Schroeder schreiten kann.\u201c\u00a0<em>Rolling Stone (4\/5)\u00a0<\/em>\n<p class=\"Zitate-klein\"><!-- \/wp:paragraph --> <!-- wp:paragraph --><\/p>\n\u201e\u2018Void\u2018 ist inzwischen bereits das dritte Album voller breitwandiger Down-Tempo-Chansons, mit dem sie f\u00fcr Aufmerksamkeit sorgt, und das sich f\u00fcr Nachtfahrten empfiehlt, bei denen das Ankommen nicht das Wichtigste ist.\u201d\u00a0<em>Galore (4\/5)\u00a0<\/em>\n<p class=\"Zitate-klein\"><!-- \/wp:paragraph --> <!-- wp:paragraph --><\/p>\n\u201eMit packender Pr\u00e4senz festigt die in Berlin lebende S\u00e4ngerin ihren Status als gro\u00dfe Kandidatin des Pop Noir.\u201c <em>Musikexpress (4\/5)\u00a0<\/em>\n<p class=\"Zitate-klein\"><!-- \/wp:paragraph --> <!-- wp:paragraph --><\/p>\n\u201eAndrea Schroeder erhellt die D\u00fcsternis mit Fackeln [\u2026] n\u00e4chtliche Reisen ans Ende der Hauptstadt\u201c\u00a0<em>Spiegel Online\u00a0<\/em>\n<p class=\"Zitate-klein\"><!-- \/wp:paragraph --> <!-- wp:paragraph {\"placeholder\":\"Type \/ to choose a block, or press space to summon the AI Copilot\"} --><\/p>\n\u201eIm Pop Noir z\u00e4hlt derzeit nur ein Name: Andrea Schroeder.\u201c <em>Audio (4\/5)<\/em>\n<p class=\"Zitate-klein\"><!-- \/wp:paragraph --> <!-- wp:paragraph --><\/p>\n\u201eSchroeder ist so etwas wie die Schrittmacherin einer neuen Noir-Bewegung im Pop, die nicht mehr brachial mit den Mitteln des Postpunk oder weltabgewandt, im Gothic-Gewand, ihr Unbehagen an den Zust\u00e4nden artikuliert.\u201c\u00a0<em>Die Welt am Sonntag<\/em>\n<p class=\"Zitate-klein\"><!-- \/wp:paragraph --> <!-- wp:paragraph --><\/p>\n\u201eDie Aura einer Marlene Dietrich des Pop Noir (\u2026), dessen d\u00fcstere Eleganz eine ganze Weile nachhallen wird.\u201c\u00a0<em>Kulturnews (4\/6)<\/em>\n<p class=\"Zitate-klein\"><!-- \/wp:paragraph --> <!-- wp:paragraph --><\/p>\n\u201e[\u2026] Stimme, Stil und Geste, die an Cave, Cohan oder gar Dietrich denken lassen.\u201c\u00a0mdr.de\n<p class=\"Zitate-klein\"><!-- \/wp:paragraph --> <!-- wp:paragraph {\"placeholder\":\"Type \/ to choose a block, or press space to summon the AI Copilot\"} --><\/p>\n<p id=\"u10015-9\">\u201eWhere The Wild Oceans End ist all das: das Werk einer gro\u00dfen S\u00e4ngerin und Songschreiberin (\u2026). Sinnlich, elegant, elegisch.\u201c\u00a0<em>&#8211; Musikexpress (5\/5)<\/em><\/p>\n<p class=\"Zitate-klein\"><!-- \/wp:paragraph --> <!-- wp:paragraph --><\/p>\n<p id=\"u10015-14\">\u201eGlimmern, Tiefe, Sch\u00f6nheit: Die magische Tristesse ihrer Texte konterkariert die faszinierende Berlinerin mit warmem Gesang (\u2026) eine Aura, ein leichtes Leuchten in dunkler Nacht um eine Stimme, die sicher und sch\u00f6n noch \u00fcber den wildesten Wassern zu schweben vermag.\u201c<em> &#8211; Rolling Stone (4\/5)<\/em><\/p>\n<p class=\"Zitate-klein\"><!-- \/wp:paragraph --> <!-- wp:paragraph --><\/p>\n<p id=\"u10015-17\">\u201eAndrea Schroeder erhellt die D\u00fcsternis mit Fackeln (..:) eine n\u00e4chtliche Reise ans Ende der Hauptstadt\u201c<em> &#8211; Spiegel Online<\/em><\/p>\n<p class=\"Zitate-klein\"><!-- \/wp:paragraph --> <!-- wp:paragraph --><\/p>\n<p id=\"u10015-20\">\u201eWhere The Wild Oceans End&#8220; widersetzt sich erneut der simplen Einordnung &#8211; und dies macht die Sache so interessant, dass immer mehr Kritiker und Fans aufhorchen.\u201c <em>&#8211; ZEIT online<\/em><\/p>\n<p class=\"Zitate-klein\"><!-- \/wp:paragraph --> <!-- wp:paragraph --><\/p>\n<p id=\"u10015-23\">\u201eEin gro\u00dfes St\u00fcck vom bitters\u00fc\u00dfen Velvet Underground-Kuchen\u201c\u00a0<em>&#8211; Melodie &amp; Rhythmus (8\/10)<\/em><\/p>\n<p class=\"Zitate-klein\"><!-- \/wp:paragraph --> <!-- wp:paragraph --><\/p>\n<p id=\"u10015-28\">\u201eDas Pariser \u201eChanson Noir\u201c der 60er Jahre blitzt hier ebenso auf wie die k\u00fchle \u00c4sthetik von Velvet Underground und der Glamour eines David Bowie. Durchweg zieht Schroeders schwere Altstimme den H\u00f6rer tief hinein in dunkel-sehnsuchtsvolle Stimmungen, die Gitarren wissen auch um die Kraft der Elektrizit\u00e4t, und die Arrangements um die Faszination der Stille: famos!\u201c\u00a0<em>&#8211; AUDIO (4,5\/5)<\/em><\/p>\n<p class=\"Zitate-klein\"><!-- \/wp:paragraph --> <!-- wp:paragraph --><\/p>\n<p id=\"u10015-33\">\u201eAndrea Schroeder entf\u00fchrt uns in in die Untiefen und Abgr\u00fcnde der Seele\u201c <em>&#8211; radioeins RBB (CD der Woche)<\/em><\/p>\n<p class=\"Zitate-klein\"><!-- \/wp:paragraph --> <!-- wp:paragraph --><\/p>\n<p id=\"u10015-36\">\u201eDie Aura einer Marlene Dietrich des Pop Noir (\u2026) Ein Album, dessen d\u00fcstere Eleganz eine ganze Weile nachhallen wird.\u201c\u00a0<em>&#8211; Kulturnews (4\/6)<\/em><\/p>\n<p class=\"Zitate-klein\"><!-- \/wp:paragraph --> <!-- wp:paragraph --><\/p>\n<p id=\"u10015-41\">\u201eEine Poetin des Sch\u00f6nen wie des Unheilvollen (\u2026) dunkel glitzernde Details f\u00fcr ihre pr\u00e4chtigen Songs. Begeisternd.\u201c\u00a0<em>&#8211; Sonic Seducer<\/em><\/p>\n<p class=\"Zitate-klein\"><!-- \/wp:paragraph --> <!-- wp:paragraph --><\/p>\n<p id=\"u10015-46\">\u201eAndrea Schroeder steht vor dem Durchbruch. Ihr zweites Album mit atmosph\u00e4rischem Folkrock und dunklen Chansons berechtigt zu gro\u00dfen Hoffnungen.\u201c<em> &#8211; Stern.de<\/em><\/p>\n<p class=\"Zitate-klein\"><!-- \/wp:paragraph --> <!-- wp:paragraph --><\/p>\n<p id=\"u10015-49\">\u201eEnorme Qualit\u00e4t (\u2026) faszinierende Lieder zwischen entschleunigtem Folkrock und bluesigen Balladen.\u201c <em>&#8211; Focus.de<\/em><\/p>\n<p class=\"Zitate-klein\"><!-- \/wp:paragraph --> <!-- wp:paragraph --><\/p>\n<p id=\"u10015-52\">\u201e(\u2026) beruht Schroeders weitl\u00e4ufiger Sound ganz auf urbanen, asphalthaltigen Konzepten. Interessanterweise erkennt man auch hier einige Berliner Geister, vom elegant weltm\u00fcden Lou Reed zum bluesfiebernden Nick Cave der mittleren 80er und zu David Bowie.\u201c <em>&#8211; Berliner Zeitung<\/em><\/p>\n<p class=\"Zitate-klein\"><!-- \/wp:paragraph --> <!-- wp:paragraph --><\/p>\n<p id=\"u10015-55\">\u201eSelten gefriert das Blut in den Adern sch\u00f6ner (\u2026) ein sinnliches Fest\u201c <em>&#8211; Tip Berlin (\u201eh\u00f6renswert\u201c)<\/em><\/p>\n<p class=\"Zitate-klein\"><!-- \/wp:paragraph --> <!-- wp:paragraph --><\/p>\n<p id=\"u10015-58\">\u201eEin Allerweltsname, aber keine Allerweltsmusik\u201c <em>&#8211; DIE WELT<\/em><\/p>\n<p class=\"Zitate-klein\"><!-- \/wp:paragraph --> <!-- wp:paragraph --><\/p>\n<p id=\"u10015-66\">\u201eEin Mix aus Folk und Chanson, Blues, Rock und Kunstlied vereint sich zu einem sensationellen Deb\u00fct\u201c <em>&#8211; Musikexpress (5\/5)<\/em><\/p>\n<p class=\"Zitate-klein\"><!-- \/wp:paragraph --> <!-- wp:paragraph --><\/p>\n<p id=\"u10015-69\">&#8222;Der Berliner Song-Poetin ist ein wuchtiges Album voller Drama und Schwermut gelungen, irgendwo zwischen Leonard Cohen, Scott Walker, Nick Cave und Nico, zwischen Desert-Rock, Country, filigranem Folk und Fado-Einfl\u00fcssen.&#8220; <em>&#8211; Rolling Stone (4\/5)<\/em><\/p>\n<p class=\"Zitate-klein\"><!-- \/wp:paragraph --> <!-- wp:paragraph --><\/p>\n<p id=\"u10015-72\">&#8222;Ein dunkles Album der Extraklasse&#8220; <em>&#8211; Radio Eins RBB<\/em><\/p>\n<p class=\"Zitate-klein\"><!-- \/wp:paragraph --> <!-- wp:paragraph --><\/p>\n<p id=\"u10015-75\">&#8222;Ihre mit dunkler, distanzierter Stimme vorgetragenen, von ihrem d\u00e4nischen Kompagnon Jesper Lehmkuhl sch\u00f6n nordisch k\u00fchl instrumentierten Lieder lassen eher Vergleiche mit der bitter-hintersinnigen Lyrik Nick Caves zu.&#8220; <em>&#8211; Spiegel Online<\/em><\/p>\n<p class=\"Zitate-klein\"><!-- \/wp:paragraph --> <!-- wp:paragraph --><\/p>\n<p id=\"u10015-78\">&#8222;Zweifelsohne ein kleines Meisterwerk&#8220; <em>&#8211; Sonic Seducer<\/em><\/p>\n<p class=\"Zitate-klein\"><!-- \/wp:paragraph --> <!-- wp:paragraph --><\/p>\n<p id=\"u10015-81\">&#8222;Auf eine dringliche Art und Weise melancholisch, verzaubert sie \u00e4hnlich wie Nico mit The Velvet Underground&#8220;\u00a0<em>&#8211; Piranha<\/em><\/p>\n<p class=\"Zitate-klein\"><!-- \/wp:paragraph --> <!-- wp:paragraph --><\/p>\n<p id=\"u10015-86\">&#8222;Gro\u00dfartige Melodien und dunkle Melancholie&#8220; <em>&#8211; Rocktimes<\/em><\/p>\n<p class=\"Zitate-klein\"><!-- \/wp:paragraph --> <!-- wp:paragraph --><\/p>\n<p id=\"u10015-89\">&#8222;Ein paar edle Tropfen aus der Dunkelkammer&#8220; <em>&#8211; Zillo<\/em><\/p>\n<p class=\"Zitate-klein\"><!-- \/wp:paragraph --> <!-- wp:paragraph --><\/p>\n<p id=\"u10015-92\">&#8222;Ebenso toll wie dunkles Album&#8220; <em>&#8211; Rollingstone.de<\/em><\/p>\n<p class=\"Zitate-klein\"><!-- \/wp:paragraph --> <!-- wp:paragraph --><\/p>\n<p id=\"u10015-95\">&#8222;Eindringliche, melancholische Nachtlieder im Geiste von Patti Smith und Nico.&#8220; <em>CDstarts<\/em><\/p>\n<p class=\"Zitate-klein\"><!-- \/wp:paragraph --> <!-- wp:paragraph --><\/p>\n<p id=\"u10015-98\">&#8222;Blackberry Wine&#8220; ist der d\u00fcstere Cousin von Lee Hazlewoods &#8222;Summer Wine&#8220; &#8211; und l\u00f6st in gewisser Weise das Versprechen ein, das Lana del Rey gab und nicht halten konnte.&#8220;\u00a0&#8211;<em> Spiegel Online<\/em><\/p>\n<p class=\"Zitate-klein\"><!-- \/wp:paragraph --> <!-- wp:paragraph --><\/p>\n<p id=\"u10015-103\">&#8222;Dunkler und sinnlicher Cabaret-Rock von Andrea Schroeder \u2013 Von Zeit zu Zeit gebiert Deutschland eine au\u00dfergew\u00f6hnliche S\u00e4ngerin, wie die schw\u00fcle Nina Hagen, die surreale Nena und die Erhabene Ute Lemper. Merken Sie sich den Namen Andrea Schroeder, die ihr Blackbird ver\u00f6ffentlicht, ihr erstes Album und in jeder Hinsicht gro\u00dfartig &#8230; Kein Zweifel, Blackbird ist eines der Meisterwerke des Jahres.&#8220; <em>&#8211; La Gruyere<\/em><\/p>\n<p class=\"Zitate-klein\"><!-- \/wp:paragraph --> <!-- wp:paragraph --><\/p>\n<p id=\"u10015-106\">&#8222;Hin und wieder produziert Deutschland einzigartige talentierte S\u00e4ngerinnen, und Andrea ist eine solche K\u00fcnstlererin. Schroeders Klang hat Elemente der Chanteuse Marlene Dietrich und Nico neben dem Tindersticks-Style Chamber Pop.&#8220; <em>&#8211; Clearspot.nl<\/em><\/p>\n<p class=\"Zitate-klein\"><!-- \/wp:paragraph --> <!-- wp:paragraph --><\/p>\n<p id=\"u10015-109\">&#8222;Das Meisterwerk &#8222;Blackbird&#8220; \u2013 Die tiefe leidenschaftliche Stimme, zur\u00fcck in die fr\u00fchen Jahre der gro\u00dfen Patti Smith.&#8220;<em> &#8211; Rockway.gr<\/em><\/p>\n<p class=\"Zitate-klein\"><!-- \/wp:paragraph --> <!-- wp:paragraph --><\/p>\n<p id=\"u10015-112\">\u201eDie unglaubliche Musik von Andrea Schroeder. Ein Ausnahmetalent\u201c <em>&#8211;\u00a0Bay Area Papers, Kalifornien<\/em><\/p>\n<p class=\"Zitate-klein\"><!-- \/wp:paragraph --> <!-- wp:paragraph --><\/p>\n<p id=\"u10015-117\">&#8222;Eine ebenso vertr\u00e4umte wie bedrohliche Musik mit einer fast traurigen Grundhaltung &#8230; Melancholische, an Nick Cave und Patti Smith erinnernde Lieder&#8220;\u00a0<em>&#8211; S\u00fcddeutsche Zeitung<\/em><\/p>\n<p class=\"Zitate-klein\"><!-- \/wp:paragraph --> <!-- wp:paragraph --><\/p>\n<p id=\"u10015-120\">&#8222;Eine grandiose Stimme, hypnotische Kl\u00e4nge von extremer Sch\u00f6nheit&#8220;<em> &#8211; In Viaggio, Italien<\/em><!-- \/wp:paragraph --><\/p>\n<\/blockquote>","protected":false},"excerpt":{"rendered":"<p>&#8222;Die Hohepriesterin des Unheils wird zur Gothic-Knef &#8230;. Unbedingte Kaufempfehlung f\u00fcr dieses Songwriterinnen-Juwel.\u201c laut.de\u00a0(5\/5)\u00a0 \u201eAndrea Schroeder klingt wie ein Nachtgebet, und es gibt in Deutschland niemand anderen, der so klingt \u2013 eine Hildegard Knef der Schwermut, Federboa um die Schulter, unterst\u00fctzt von einer Band, die gleich im Titelst\u00fcck dunkel und schwer, bassig und breitbeinig einen [&hellip;]<\/p>\n","protected":false},"author":2,"featured_media":6754,"parent":0,"menu_order":0,"comment_status":"closed","ping_status":"closed","template":"","meta":{"_monsterinsights_skip_tracking":false,"_monsterinsights_sitenote_active":false,"_monsterinsights_sitenote_note":"","_monsterinsights_sitenote_category":0,"footnotes":""},"class_list":["post-7868","page","type-page","status-publish","has-post-thumbnail","hentry"],"_links":{"self":[{"href":"https:\/\/andreaschroeder.com\/de\/wp-json\/wp\/v2\/pages\/7868","targetHints":{"allow":["GET"]}}],"collection":[{"href":"https:\/\/andreaschroeder.com\/de\/wp-json\/wp\/v2\/pages"}],"about":[{"href":"https:\/\/andreaschroeder.com\/de\/wp-json\/wp\/v2\/types\/page"}],"author":[{"embeddable":true,"href":"https:\/\/andreaschroeder.com\/de\/wp-json\/wp\/v2\/users\/2"}],"replies":[{"embeddable":true,"href":"https:\/\/andreaschroeder.com\/de\/wp-json\/wp\/v2\/comments?post=7868"}],"version-history":[{"count":0,"href":"https:\/\/andreaschroeder.com\/de\/wp-json\/wp\/v2\/pages\/7868\/revisions"}],"wp:featuredmedia":[{"embeddable":true,"href":"https:\/\/andreaschroeder.com\/de\/wp-json\/wp\/v2\/media\/6754"}],"wp:attachment":[{"href":"https:\/\/andreaschroeder.com\/de\/wp-json\/wp\/v2\/media?parent=7868"}],"curies":[{"name":"wp","href":"https:\/\/api.w.org\/{rel}","templated":true}]}}