{"id":7932,"date":"2017-12-20T01:03:26","date_gmt":"2017-12-20T00:03:26","guid":{"rendered":"https:\/\/andreaschroeder.com\/biografie"},"modified":"2024-04-25T12:38:28","modified_gmt":"2024-04-25T10:38:28","slug":"biografie","status":"publish","type":"page","link":"https:\/\/andreaschroeder.com\/de\/biografie\/","title":{"rendered":"Biografie"},"content":{"rendered":"\n<h1 class=\"wp-block-heading HEADLINe\" id=\"u8163-54\">Andrea Schroeder \u2013 Berlin<br\/>Chanson noir<\/h1>\n\n<h2 class=\"wp-block-heading Subheadline\" id=\"u8163-57\">Andrea Schroeder \u2013 Void<\/h2>\n\n<p class=\"Copytext\">Andrea Schroeder ist eine Ausnahmeerscheinung unter den deutschen S\u00e4ngerinnen, eine Songpoetin, deren dunkle Stimme ebenso fesselt, wie ihre lyrischen, oft melancholischen Texte. Im August 2016 erschien das neue, von Kritikern gefeierte dritte Album \u201aVoid\u2019 der Berliner K\u00fcnstlerin auf Glitterhouse Records. Wurden \u201aBlackbird\u2018 und \u201aWhere The Wild Oceans End\u2018 noch von \u201aWalkabouts\u2018 Mastermind Chris Eckman produziert, so trat an seine Stelle der schwedische Produzent Ulf Ivarsson (\u201aTh\u00e5str\u00f6m\u2018, \u201aSivert H\u00f6yem\u2018), der \u201eVoid\u201c in Zusammenarbeit mit Andrea Schroeder und Jesper Lehmkuhl in Berlin und Stockholm produzierte. F\u00fcr den Mix zeichnet sich Victor Van Vugt verantwortlich, der schon mit Ausnahmek\u00fcnstlern wie Nick Cave, Sonic Youth, P.J. Harvey, Einst\u00fcrzende Neubauten oder Mick Harvey arbeitete. Zus\u00e4tzlich zu ihrer Band hatte Andrea Schroeder auch spezielle Musiker als G\u00e4ste auf dem Album, darunter Kristof Hahn (&#8222;Swans&#8220;) und Pelle Ossler (&#8222;Ossler,&#8220; &#8222;Th\u00e5str\u00f6m,&#8220; &#8222;S\u00e4llskapet&#8220;).<\/p>\n\n<p>Schroeder war Teil des Jeffrey Lee Pierce Session Project Album \u201aAxels and Sockets\u2019 (2014) im Kollektiv mit Iggy Pop, Nick Cave, Blondie, Mark Lanegan, Hugo Race, Mick Harvey, Lydia Lunch u.v.m.. Eine weitere internationale Kooperation erschien aktuell im Januar 2017 bei Mute Records mit dem Serge Gainsbourg-Coveralbum \u201aIntoxicated Women\u2018 von Mick Harvey (Birthday Party, Nick Cave and the Bad Seeds, Pj Harvey, Crime and the City Solution).<\/p>\n\n<p class=\"Copytext\">Nach europ\u00e4ischen Club- und Theatertouren, TV-, Radio- und Festivalauftritten, aber auch Orchesterkonzerten, u. a. mit dem Deutschen Filmorchester Babelsberg f\u00fcr radioeins und dem Estro Armonico in der Philharmonie Luxembourg, ist Andrea Schroeder nun endlich wieder live mit ihrer Band zu h\u00f6ren. Songs vom neuen Album, aber auch aus ihren vorigen Alben \u2013 \u201aWhere The Wild Oceans End\u2018 (Januar 2014), welches \u2013 genau wie auch schon ihr Deb\u00fctalbum \u201aBlackbird\u2019 (2012) \u2013 Feuilleton wie Musik-Kritik zu wahren Begeisterungsst\u00fcrmen hinriss: \u201eEin Mix aus Folk und Chanson, Blues, Rock und Kunstlied vereint sich zu einem sensationellen Deb\u00fct\u201c schrieb der Musikexpress. Radio Eins nannte es \u201cein dunkles Album der Extraklasse\u201d. Der Rolling Stone beschrieb ihr Zweitwerk als \u201cwuchtiges Album voller Drama und Schwermut, irgendwo zwischen Leonard Cohen, Scott Walker, Nick Cave und Nico\u201c und urteilte \u00fcber ihr neues Album \u201aVoid\u2018: \u201eAndrea Schroeder klingt wie ein Nachtgebet, und es gibt in Deutschland niemand anderen, der so klingt \u2013 eine Hildegard Knef der Schwermut, Federboa um die Schulter, unterst\u00fctzt von einer Band, die gleich im Titelst\u00fcck dunkel und schwer, bassig und breitbeinig einen Boden bereitet, auf dem Schroeder schreiten kann.\u201c<\/p>\n\n<p class=\"Copytext\">(Glitterhouse Records)<\/p>\n\n<div style=\"height:100px\" aria-hidden=\"true\" class=\"wp-block-spacer\"><\/div>\n\n<blockquote class=\"wp-block-quote is-style-default is-layout-flow wp-block-quote-is-layout-flow\">\n<p>&#8222;Die Hohepriesterin des Unheils wird zur Gothic-Knef &#8230;. Unbedingte Kaufempfehlung f\u00fcr dieses Songwriterinnen-Juwel.\u201c<\/p>\n<cite>laut.de (5\/5)<\/cite><\/blockquote>\n\n<div style=\"height:20px\" aria-hidden=\"true\" class=\"wp-block-spacer\"><\/div>\n\n<blockquote class=\"wp-block-quote is-layout-flow wp-block-quote-is-layout-flow\">\n<p>\u201eAndrea Schroeder klingt wie ein Nachtgebet, und es gibt in Deutschland niemand anderen, der so klingt \u2013 eine Hildegard Knef der Schwermut, Federboa um die Schulter, unterst\u00fctzt von einer Band, die gleich im Titelst\u00fcck dunkel und schwer, bassig und breitbeinig einen Boden bereitet, auf dem Schroeder schreiten kann.\u201c<\/p>\n<cite>Rolling Stone (4\/5)<\/cite><\/blockquote>\n\n<div style=\"height:20px\" aria-hidden=\"true\" class=\"wp-block-spacer\"><\/div>\n\n<blockquote class=\"wp-block-quote is-layout-flow wp-block-quote-is-layout-flow\">\n<p>\u201e\u2018Void\u2018 ist inzwischen bereits das dritte Album voller breitwandiger Down-Tempo-Chansons, mit dem sie f\u00fcr Aufmerksamkeit sorgt, und das sich f\u00fcr Nachtfahrten empfiehlt, bei denen das Ankommen nicht das Wichtigste ist.\u201d<\/p>\n<cite>Galore (4\/5)<\/cite><\/blockquote>\n\n<div style=\"height:20px\" aria-hidden=\"true\" class=\"wp-block-spacer\"><\/div>\n\n<blockquote class=\"wp-block-quote is-layout-flow wp-block-quote-is-layout-flow\">\n<p>\u201eMit packender Pr\u00e4senz festigt die in Berlin lebende S\u00e4ngerin ihren Status als gro\u00dfe Kandidatin des Pop Noir.\u201c<\/p>\n<cite>Musikexpress (4\/5)<\/cite><\/blockquote>\n\n<div style=\"height:20px\" aria-hidden=\"true\" class=\"wp-block-spacer\"><\/div>\n\n<blockquote class=\"wp-block-quote is-layout-flow wp-block-quote-is-layout-flow\">\n<p>\u201eAndrea Schroeder erhellt die D\u00fcsternis mit Fackeln [\u2026] n\u00e4chtliche Reisen ans Ende der Hauptstadt\u201c<\/p>\n<cite>Spiegel Online<\/cite><\/blockquote>\n\n<div style=\"height:20px\" aria-hidden=\"true\" class=\"wp-block-spacer\"><\/div>\n\n<blockquote class=\"wp-block-quote is-layout-flow wp-block-quote-is-layout-flow\">\n<p>\u201eIm Pop Noir z\u00e4hlt derzeit nur ein Name: Andrea Schroeder.\u201c<\/p>\n<cite>Audio (4\/5)<\/cite><\/blockquote>\n\n<div style=\"height:20px\" aria-hidden=\"true\" class=\"wp-block-spacer\"><\/div>\n\n<blockquote class=\"wp-block-quote is-layout-flow wp-block-quote-is-layout-flow\">\n<p>\u201eSchroeder ist so etwas wie die Schrittmacherin einer neuen Noir-Bewegung im Pop, die nicht mehr brachial mit den Mitteln des Postpunk oder weltabgewandt, im Gothic-Gewand, ihr Unbehagen an den Zust\u00e4nden artikuliert.\u201c<\/p>\n<cite>Die Welt am Sonntag<\/cite><\/blockquote>\n\n<div style=\"height:20px\" aria-hidden=\"true\" class=\"wp-block-spacer\"><\/div>\n\n<blockquote class=\"wp-block-quote is-layout-flow wp-block-quote-is-layout-flow\">\n<p>\u201eDie Aura einer Marlene Dietrich des Pop Noir (\u2026), dessen d\u00fcstere Eleganz eine ganze Weile nachhallen wird.\u201c<\/p>\n<cite>Kulturnews (4\/6)<\/cite><\/blockquote>\n\n<div style=\"height:20px\" aria-hidden=\"true\" class=\"wp-block-spacer\"><\/div>\n\n<blockquote class=\"wp-block-quote is-layout-flow wp-block-quote-is-layout-flow\">\n<p>\u201e[\u2026] Stimme, Stil und Geste, die an Cave, Cohan oder gar Dietrich denken lassen.\u201c<\/p>\n<cite> mdr.de<\/cite><\/blockquote>\n\n<div style=\"height:20px\" aria-hidden=\"true\" class=\"wp-block-spacer\"><\/div>\n\n<blockquote class=\"wp-block-quote is-layout-flow wp-block-quote-is-layout-flow\">\n<p><\/p>\n<\/blockquote>\n\n<p class=\"Copytext\">Produziert von Ulf Ivarsson (Th\u00e5str\u00f6m, Sivert H\u00f6yem) und Schroeder\/ Lehmkuhl in Berlin und Stockholm<\/p>\n\n<p class=\"Copytext\">Aufgenommen und gemischt von Victor Van Vugt in Berlin (Nick Cave, The Fall, Sonic Youth, The Walkabouts, P.J. Harvey, Einst\u00fcrzende Neubauten, Mick Harvey, The Go Betweens)<\/p>\n\n<p class=\"Copytext\">Band: Jesper Lehmkuhl, Dave Allen, Catherine Graindorge, Mike Strauss und Maurizio Vitale sowie unsere besonderen G\u00e4ste Kristof Hahn (Swans) und Pelle Ossler (Ossler, Th\u00e5str\u00f6m, S\u00e4llskapet)<\/p>\n\n<figure class=\"wp-block-gallery has-nested-images columns-1 is-cropped wp-block-gallery-2 is-layout-flex wp-block-gallery-is-layout-flex\">\n<figure class=\"wp-block-image size-large\"><img decoding=\"async\" width=\"1024\" height=\"683\" data-id=\"1224\" src=\"https:\/\/andreaschroeder.com\/wp-content\/uploads\/2017\/12\/AndreaSchroeder_Foto_TobiasLang_2-1-1024x683.jpg\" alt=\"\" class=\"wp-image-1224\" srcset=\"https:\/\/andreaschroeder.com\/wp-content\/uploads\/2017\/12\/AndreaSchroeder_Foto_TobiasLang_2-1-1024x683.jpg 1024w, https:\/\/andreaschroeder.com\/wp-content\/uploads\/2017\/12\/AndreaSchroeder_Foto_TobiasLang_2-1-300x200.jpg 300w, https:\/\/andreaschroeder.com\/wp-content\/uploads\/2017\/12\/AndreaSchroeder_Foto_TobiasLang_2-1-768x512.jpg 768w, https:\/\/andreaschroeder.com\/wp-content\/uploads\/2017\/12\/AndreaSchroeder_Foto_TobiasLang_2-1-520x347.jpg 520w, https:\/\/andreaschroeder.com\/wp-content\/uploads\/2017\/12\/AndreaSchroeder_Foto_TobiasLang_2-1.webp 1920w\" sizes=\"(max-width: 1024px) 100vw, 1024px\" \/><figcaption class=\"wp-element-caption\">\u00a92014 Fotografie von Tobias Lang. Alle Rechte vorbehalten.\n<\/figcaption><\/figure>\n<\/figure>\n","protected":false},"excerpt":{"rendered":"<p>Andrea Schroeder \u2013 BerlinChanson noir Andrea Schroeder \u2013 Void Andrea Schroeder ist eine Ausnahmeerscheinung unter den deutschen S\u00e4ngerinnen, eine Songpoetin, deren dunkle Stimme ebenso fesselt, wie ihre lyrischen, oft melancholischen Texte. Im August 2016 erschien das neue, von Kritikern gefeierte dritte Album \u201aVoid\u2019 der Berliner K\u00fcnstlerin auf Glitterhouse Records. Wurden \u201aBlackbird\u2018 und \u201aWhere The Wild [&hellip;]<\/p>\n","protected":false},"author":2,"featured_media":6427,"parent":0,"menu_order":0,"comment_status":"closed","ping_status":"closed","template":"","meta":{"_monsterinsights_skip_tracking":false,"_monsterinsights_sitenote_active":false,"_monsterinsights_sitenote_note":"","_monsterinsights_sitenote_category":0,"footnotes":""},"class_list":["post-7932","page","type-page","status-publish","has-post-thumbnail","hentry"],"_links":{"self":[{"href":"https:\/\/andreaschroeder.com\/de\/wp-json\/wp\/v2\/pages\/7932","targetHints":{"allow":["GET"]}}],"collection":[{"href":"https:\/\/andreaschroeder.com\/de\/wp-json\/wp\/v2\/pages"}],"about":[{"href":"https:\/\/andreaschroeder.com\/de\/wp-json\/wp\/v2\/types\/page"}],"author":[{"embeddable":true,"href":"https:\/\/andreaschroeder.com\/de\/wp-json\/wp\/v2\/users\/2"}],"replies":[{"embeddable":true,"href":"https:\/\/andreaschroeder.com\/de\/wp-json\/wp\/v2\/comments?post=7932"}],"version-history":[{"count":0,"href":"https:\/\/andreaschroeder.com\/de\/wp-json\/wp\/v2\/pages\/7932\/revisions"}],"wp:featuredmedia":[{"embeddable":true,"href":"https:\/\/andreaschroeder.com\/de\/wp-json\/wp\/v2\/media\/6427"}],"wp:attachment":[{"href":"https:\/\/andreaschroeder.com\/de\/wp-json\/wp\/v2\/media?parent=7932"}],"curies":[{"name":"wp","href":"https:\/\/api.w.org\/{rel}","templated":true}]}}